{"id":28,"date":"2021-09-01T23:33:41","date_gmt":"2021-09-02T03:33:41","guid":{"rendered":"https:\/\/seanoreilly.ca\/francais\/?page_id=28"},"modified":"2024-10-04T16:23:28","modified_gmt":"2024-10-04T20:23:28","slug":"professionnalisme","status":"publish","type":"page","link":"https:\/\/seanoreilly.ca\/francais\/index.php\/professionnalisme\/","title":{"rendered":"Professionnalisme"},"content":{"rendered":"\n<p>En tant que pr\u00e9sident du Comit\u00e9 sur la reconnaissance professionnelle et les titres de comp\u00e9tence, j&#8217;ai contribu\u00e9 \u00e0 l&#8217;\u00e9laboration d&#8217;un ensemble d&#8217;objectifs et d&#8217;actions pour nous prot\u00e9ger contre les attaques envers notre professionnalisme.<\/p>\n\n\n\n<p>Les actions poursuivies comprennent, entre autres:<\/p>\n\n\n\n<ol class=\"wp-block-list\">\n<li>D\u00e9finir la signification d&#8217;un professionnel et de l&#8217;Int\u00e9grit\u00e9 professionnelle et la publier et l&#8217;inscrire dans les conventions collectives<\/li>\n\n\n\n<li>Militer contre la d\u00e9-professionnalisation et travailler avec les groupes de n\u00e9gociation (NR, TI et autres) pour arriver \u00e0 des strat\u00e9gies communes<\/li>\n\n\n\n<li>Promouvoir le d\u00e9veloppement de carri\u00e8re et professionnel pour\n<ul class=\"wp-block-list\">\n<li>continuer la formation professionnelle ;<\/li>\n\n\n\n<li>maintenir  les d\u00e9signations ou permis professionnels et;<\/li>\n\n\n\n<li>encourager les comp\u00e9tences non-techniques (leadership, prise de parole efficace, etc)<br><\/li>\n<\/ul>\n<\/li>\n\n\n\n<li>Renforcer nos liens internes et externes \u00e0 l&#8217;IPFPC.<\/li>\n<\/ol>\n\n\n\n<p>Ces actions sont essentielles pour lutter contre les attaques continues envers notre professionnalisme, telles que l&#8217;intelligence artificielle et la sous-traitance.<\/p>\n","protected":false},"excerpt":{"rendered":"<p>En tant que pr\u00e9sident du Comit\u00e9 sur la reconnaissance professionnelle et les titres de comp\u00e9tence, j&#8217;ai contribu\u00e9 \u00e0 l&#8217;\u00e9laboration d&#8217;un<\/p>\n<p><a href=\"https:\/\/seanoreilly.ca\/francais\/index.php\/professionnalisme\/\" class=\"more-link\">Continue reading<span class=\"screen-reader-text\">Professionnalisme<\/span><\/a><\/p>\n","protected":false},"author":1,"featured_media":0,"parent":0,"menu_order":3,"comment_status":"closed","ping_status":"closed","template":"","meta":{"footnotes":""},"class_list":["post-28","page","type-page","status-publish","hentry"],"_links":{"self":[{"href":"https:\/\/seanoreilly.ca\/francais\/index.php\/wp-json\/wp\/v2\/pages\/28","targetHints":{"allow":["GET"]}}],"collection":[{"href":"https:\/\/seanoreilly.ca\/francais\/index.php\/wp-json\/wp\/v2\/pages"}],"about":[{"href":"https:\/\/seanoreilly.ca\/francais\/index.php\/wp-json\/wp\/v2\/types\/page"}],"author":[{"embeddable":true,"href":"https:\/\/seanoreilly.ca\/francais\/index.php\/wp-json\/wp\/v2\/users\/1"}],"replies":[{"embeddable":true,"href":"https:\/\/seanoreilly.ca\/francais\/index.php\/wp-json\/wp\/v2\/comments?post=28"}],"version-history":[{"count":6,"href":"https:\/\/seanoreilly.ca\/francais\/index.php\/wp-json\/wp\/v2\/pages\/28\/revisions"}],"predecessor-version":[{"id":134,"href":"https:\/\/seanoreilly.ca\/francais\/index.php\/wp-json\/wp\/v2\/pages\/28\/revisions\/134"}],"wp:attachment":[{"href":"https:\/\/seanoreilly.ca\/francais\/index.php\/wp-json\/wp\/v2\/media?parent=28"}],"curies":[{"name":"wp","href":"https:\/\/api.w.org\/{rel}","templated":true}]}}