{"id":24,"date":"2021-09-01T21:15:31","date_gmt":"2021-09-02T01:15:31","guid":{"rendered":"https:\/\/seanoreilly.ca\/francais\/?page_id=24"},"modified":"2024-09-12T21:28:27","modified_gmt":"2024-09-13T01:28:27","slug":"lespace-de-travail","status":"publish","type":"page","link":"https:\/\/seanoreilly.ca\/francais\/index.php\/lespace-de-travail\/","title":{"rendered":"Espace de Travail"},"content":{"rendered":"\n<p>J&#8217;ai suivi de pr\u00e8s les changements en ce qui concerne les lieux de travail et le nouveau mandat de retour au bureau. Je suis conscient des probl\u00e8mes auxquels nous sommes confront\u00e9s lorsqu&#8217;il s&#8217;agit de notre lieu de travail, que ce soit en personne ou virtuellement. Par le pass\u00e9, j&#8217;ai contribu\u00e9 \u00e0 l&#8217;\u00e9laboration d&#8217;outils destin\u00e9s \u00e0 aider nos membres \u00e0 discuter avec leur direction des probl\u00e8mes qu&#8217;ils rencontrent en mati\u00e8re d&#8217;espace de travail. La pand\u00e9mie nous a montr\u00e9 qu&#8217;en tant que professionnels, nous sommes capables de travailler de n&#8217;importe o\u00f9.<\/p>\n\n\n\n<p>L&#8217;IPFPC a d\u00e9velopp\u00e9 de nombreux outils pour aider nos membres et, en tant qu&#8217;organisation, nous devrions en faire plus. Nos \u00e9quipes de consultation minist\u00e9rielles devraient b\u00e9n\u00e9ficier d&#8217;un meilleur soutien pour s&#8217;opposer aux politiques horribles et aux interpr\u00e9tations de la politique du SCT. Les membres \u00e0 la base doivent \u00eatre inform\u00e9s localement de leurs droits et de ce qu&#8217;ils peuvent faire pour se prot\u00e9ger. Enfin, nous devrions faire pression \u00e0 tous les niveaux, municipal, provincial et f\u00e9d\u00e9ral, pour d\u00e9montrer l&#8217;impact de nos membres sur leurs communaut\u00e9s et la mani\u00e8re dont ces politiques leur nuisent ainsi qu&#8217;aux contribuables qu&#8217;ils servent.<\/p>\n\n\n\n<p>Je promets de continuer \u00e0 me battre pour que vous disposiez d&#8217;un \u00e9ventail de choix pour vos espaces de travail, allant de l&#8217;espace d\u00e9di\u00e9 dans les immeubles de bureaux au t\u00e9l\u00e9travail \u00e0 temps plein, en passant par des hybrides de ces deux mod\u00e8les.<\/p>\n\n\n\n<p>Pour plus d&#8217;informations sur les outils d\u00e9velopp\u00e9s par l&#8217;Institut, visitez le site :<\/p>\n\n\n\n<p> <a href=\"https:\/\/pipsc.ca\/fr\/nouvelles-et-enjeux\/bureaux-aires-ouvertes\">https:\/\/pipsc.ca\/fr\/nouvelles-et-enjeux\/bureaux-aires-ouvertes<\/a><\/p>\n\n\n\n<p><a href=\"https:\/\/pipsc.ca\/fr\/nouvelles-et-enjeux\/connaissez-vos-droits-retour-au-bureau\">https:\/\/pipsc.ca\/fr\/nouvelles-et-enjeux\/connaissez-vos-droits-retour-au-bureau<\/a><\/p>\n\n\n\n<p><a href=\"https:\/\/pipsc.ca\/fr\/nouvelles-et-enjeux\/retour-sur-le-lieu-de-travail\/faq-retour-sur-le-lieu-de-travail\">https:\/\/pipsc.ca\/fr\/nouvelles-et-enjeux\/retour-sur-le-lieu-de-travail\/faq-retour-sur-le-lieu-de-travail<\/a><\/p>\n","protected":false},"excerpt":{"rendered":"<p>J&#8217;ai suivi de pr\u00e8s les changements en ce qui concerne les lieux de travail et le nouveau mandat de retour<\/p>\n<p><a href=\"https:\/\/seanoreilly.ca\/francais\/index.php\/lespace-de-travail\/\" class=\"more-link\">Continue reading<span class=\"screen-reader-text\">Espace de Travail<\/span><\/a><\/p>\n","protected":false},"author":1,"featured_media":0,"parent":0,"menu_order":1,"comment_status":"closed","ping_status":"closed","template":"","meta":{"footnotes":""},"class_list":["post-24","page","type-page","status-publish","hentry"],"_links":{"self":[{"href":"https:\/\/seanoreilly.ca\/francais\/index.php\/wp-json\/wp\/v2\/pages\/24","targetHints":{"allow":["GET"]}}],"collection":[{"href":"https:\/\/seanoreilly.ca\/francais\/index.php\/wp-json\/wp\/v2\/pages"}],"about":[{"href":"https:\/\/seanoreilly.ca\/francais\/index.php\/wp-json\/wp\/v2\/types\/page"}],"author":[{"embeddable":true,"href":"https:\/\/seanoreilly.ca\/francais\/index.php\/wp-json\/wp\/v2\/users\/1"}],"replies":[{"embeddable":true,"href":"https:\/\/seanoreilly.ca\/francais\/index.php\/wp-json\/wp\/v2\/comments?post=24"}],"version-history":[{"count":7,"href":"https:\/\/seanoreilly.ca\/francais\/index.php\/wp-json\/wp\/v2\/pages\/24\/revisions"}],"predecessor-version":[{"id":120,"href":"https:\/\/seanoreilly.ca\/francais\/index.php\/wp-json\/wp\/v2\/pages\/24\/revisions\/120"}],"wp:attachment":[{"href":"https:\/\/seanoreilly.ca\/francais\/index.php\/wp-json\/wp\/v2\/media?parent=24"}],"curies":[{"name":"wp","href":"https:\/\/api.w.org\/{rel}","templated":true}]}}