{"id":22,"date":"2021-09-01T17:42:46","date_gmt":"2021-09-01T21:42:46","guid":{"rendered":"https:\/\/seanoreilly.ca\/francais\/?page_id=22"},"modified":"2024-10-13T00:25:59","modified_gmt":"2024-10-13T04:25:59","slug":"temoignages","status":"publish","type":"page","link":"https:\/\/seanoreilly.ca\/francais\/index.php\/temoignages\/","title":{"rendered":"T\u00e9moignages"},"content":{"rendered":"\n<p><em>J\u2019ai rencontr\u00e9 Sean lorsque j\u2019\u00e9tais impliqu\u00e9e avec le groupe ACIA-S&amp;A. Depuis ce temps, il a toujours \u00e9t\u00e9 disponible pour m\u2019aider lorsque j\u2019avais besoin de son expertise, de ses conseils, ou simplement de son \u00e9coute. En plus d\u2019\u00eatre un de mes coll\u00e8gues, il est mon ami. Je sais que Sean sera un pr\u00e9sident juste, droit, honn\u00eate, \u00e0 l\u2019\u00e9coute des autres, et qu\u2019il saura travailler pour le bien de tous, ainsi que pour celui de notre organisation dans son ensemble. Il est un leader intelligent, sensible, capable de travailler en \u00e9quipe et de respecter le point de vue des autres. Je vous encourage \u00e0 voter pour lui afin qu\u2019il devienne notre prochain pr\u00e9sident de l\u2019IPFPC.<\/em> <em>\u00ab L&#8217;appui exprim\u00e9 en faveur de ce(s) candidat(e)s n\u2019implique pas l\u2019appui de l\u2019un des organismes constituants de l\u2019Institut, de l\u2019Institut lui-m\u00eame \u00e0 titre de personne morale ou des membres du personnel de l\u2019Institut. \u00bb<\/em><\/p>\n\n\n\n<p>St\u00e9phanie Fr\u00e9chette, ACIA S&amp;A, D\u00e9l\u00e9gu\u00e9e syndicale, Sainte-Julie, QC<\/p>\n\n\n\n<p class=\"has-text-align-right\"><em>Je connais Sean O&#8217;Reilly depuis de nombreuses ann\u00e9es gr\u00e2ce \u00e0 son travail pour l&#8217;Institut au niveau national et je suis heureux de partager mon t\u00e9moignage. Sean a fait preuve d&#8217;un leadership solide en pr\u00e9sidant un certain nombre d&#8217;AGA de l&#8217;Institut et en s&#8217;adressant \u00e0 la presse. Personnellement, j&#8217;ai trouv\u00e9 que toutes mes interactions avec Sean \u00e9taient respectueuses et amicales.\u00a0 Il met les autres \u00e0 l&#8217;aise lorsqu&#8217;ils discutent de leurs pr\u00e9occupations. Sean a toujours d\u00e9montr\u00e9 qu&#8217;il se souciait de notre syndicat et de ses membres et qu&#8217;il pla\u00e7ait les pr\u00e9occupations de ces derniers au premier plan. Je pense que l&#8217;Institut et ses membres seront bien servis par Sean en tant que pr\u00e9sident.\u00ab L\u2019appui exprim\u00e9 en faveur de ce(s) candidat(e)s n\u2019implique pas l\u2019appui de l\u2019un des organismes constituants de l\u2019Institut, de l\u2019Institut lui-m\u00eame \u00e0 titre de personne morale ou des membres du personnel de l\u2019Institut. \u00bb<\/em><\/p>\n\n\n\n<p class=\"has-text-align-right\">Doug Mason, D\u00e9l\u00e9gu\u00e9 syndical, VFS, London, ON<\/p>\n\n\n\n<p><em>Je connais Sean depuis 2011 et j\u2019ai eu l\u2019occasion de travailler en \u00e9troite collaboration avec lui \u00e0 de nombreuses reprises. Sean est extr\u00eamement ouvert et accessible et je n\u2019ai jamais \u00e9t\u00e9 d\u00e9\u00e7ue de sa capacit\u00e9 \u00e0 aider avec tout probl\u00e8me que je lui ai apport\u00e9. J\u2019ai toujours trouv\u00e9 qu\u2019il \u00e9tait juste, raisonnable et professionnel. Sa connaissance de toutes les facettes de l\u2019IPFPC est exemplaire. Il a aid\u00e9 notre groupe en tant que pr\u00e9sident du comit\u00e9 des finances, membre du comit\u00e9 des statuts et politiques et pr\u00e9sident d\u2019AGA. J\u2019ai \u00e9t\u00e9 t\u00e9moin de sa capacit\u00e9 \u00e0 pr\u00e9sider en toute confiance notre AGA de l\u2019IPFPC qui, beaucoup d\u2019entre vous le savent, peut avoir des moments difficiles et litigieux&nbsp;! Nous avons eu le plaisir de voir ses excellentes comp\u00e9tences en pr\u00e9sidant notre AGA du groupe SH \u00e0 trois reprises et il a g\u00e9r\u00e9 efficacement de nombreuses complications telles qu\u2019une d\u00e9faillance technologique et une heure de d\u00e9but retard\u00e9e d\u2019une heure. J\u2019ai vu Sean faire preuve d\u2019int\u00e9grit\u00e9 dans des situations o\u00f9 de nombreuses personnes ne l\u2019ont pas fait. Il maintient son sang-froid et son professionnalisme dans toutes les situations dans lesquelles il est impliqu\u00e9, aussi acrimonieux soit-il. Il est capable de bien s\u00e9parer la personne de la question et d\u2019aller de l\u2019avant sans ranc\u0153ur. Je suis convaincue qu\u2019il sera un leader efficace, juste et ax\u00e9 sur les membres.<\/em> <em>\u00ab L\u2019appui exprim\u00e9 en faveur de ce(s) candidat(e)s n\u2019implique pas l\u2019appui de l\u2019un des organismes constituants de l\u2019Institut, de l\u2019Institut lui-m\u00eame \u00e0 titre de personne morale ou des membres du personnel de l\u2019Institut. \u00bb<\/em><\/p>\n\n\n\n<p>Lynn Ohlson, SH (NU-EMA), Winnipeg, MB<\/p>\n\n\n\n<p class=\"has-text-align-right\"><em>Je connais Sean depuis plusieurs ann\u00e9es et c\u2019est avec grand plaisir que j\u2019appuie sa candidature \u00e0 titre de pr\u00e9sident de l\u2019Institut. Sean est quelqu\u2019un avec qui il est tr\u00e8s agr\u00e9able de travailler. J\u2019ai eu l\u2019occasion de travailler avec lui, avant la pand\u00e9mie, sur un comit\u00e9 de travail sur le milieu de travail du gouvernement du Canada. Je me souviens avoir \u00e9t\u00e9 impressionn\u00e9e par sa connaissance dans le d\u00e9tail de ce dossier complexe et toujours en changement. J\u2019ai confiance que Sean aura \u00e0 c\u0153ur les int\u00e9r\u00eats des membres en tant que pr\u00e9sident et qu\u2019il saura toujours t\u00e9moigner du respect pour tous les gens avec qui il aura \u00e0 travailler. \u00ab L\u2019appui exprim\u00e9 en faveur de ce(s) candidat(e)s n\u2019implique pas l\u2019appui de l\u2019un des organismes constituants de l\u2019Institut, de l\u2019Institut lui-m\u00eame \u00e0 titre de personne morale ou des membres du personnel de l\u2019Institut. \u00bb<\/em><\/p>\n\n\n\n<p class=\"has-text-align-right\">Judith Leblanc, Biologiste, MPO, Mont-Joli, QC<\/p>\n\n\n\n<p class=\"has-text-align-left\"><em>Je connais Sean O&#8217;Reilly depuis plus de 7 ans. C&#8217;est une personne tr\u00e8s optimiste, chaleureuse et \u00e9nergique, qui a toujours fourni des r\u00e9ponses professionnelles \u00e0 mes questions concernant le lieu de travail, les probl\u00e8mes de r\u00e9mun\u00e9ration, les prestations gouvernementales, etc. J&#8217;ai toujours \u00e9t\u00e9 impressionn\u00e9 par sa vision et sa passion lorsque nous avons eu des conversations et des discussions en personne ou en ligne, seul \u00e0 seul, ou avec d&#8217;autres coll\u00e8gues de mon \u00e9quipe. Il a un leadership accessible et je pense qu&#8217;il est capable d&#8217;assumer davantage de responsabilit\u00e9s au sein de l&#8217;IPFPC gr\u00e2ce \u00e0 ses nombreuses ann\u00e9es de travail au sein de l&#8217;Institut et \u00e0 sa profonde compr\u00e9hension des questions syndicales.\u00ab L\u2019appui exprim\u00e9 en faveur de ce(s) candidat(e)s n\u2019implique pas l\u2019appui de l\u2019un des organismes constituants de l\u2019Institut, de l\u2019Institut lui-m\u00eame \u00e0 titre de personne morale ou des membres du personnel de l\u2019Institut. \u00bb<\/em><\/p>\n\n\n\n<p> Wang, Tongyu, SPC, Ottawa, ON<\/p>\n\n\n\n<p class=\"has-text-align-right\"><em>Je connais Sean depuis de nombreuses ann\u00e9es et j&#8217;ai eu l&#8217;occasion de travailler avec lui sur plusieurs projets. Il s&#8217;engage \u00e0 faire en sorte que le syndicat fonctionne pour tous les membres et aborde les probl\u00e8mes avec \u00e9quit\u00e9 et dans le but de trouver une solution qui r\u00e9ponde aux besoins de chacun.&nbsp;\u00ab L\u2019appui exprim\u00e9 en faveur de ce(s) candidat(e)s n\u2019implique pas l\u2019appui de l\u2019un des organismes constituants de l\u2019Institut, de l\u2019Institut lui-m\u00eame \u00e0 titre de personne morale ou des membres du personnel de l\u2019Institut. \u00bb<\/em><\/p>\n\n\n\n<p class=\"has-text-align-right\">Chris Roach, ARC, R\u00e9gion d&#8217;Atlantique<\/p>\n\n\n\n<p class=\"has-text-align-left\"><em>J&#8217;ai rencontr\u00e9 Sean pour la premi\u00e8re fois de l&#8217;autre c\u00f4t\u00e9 de la table lors d&#8217;une r\u00e9union de l&#8217;ex\u00e9cutif national du groupe CS. C&#8217;\u00e9tait au d\u00e9but de sa carri\u00e8re au gouvernement et en tant que militant syndical. Ce qui m&#8217;a imm\u00e9diatement frapp\u00e9, c&#8217;est sa capacit\u00e9 \u00e0 contribuer et \u00e0 participer au niveau national d\u00e8s le d\u00e9but. Il n&#8217;y avait aucune h\u00e9sitation, juste un empressement et la pleine conscience qu&#8217;il \u00e9tait l\u00e0 pour repr\u00e9senter les int\u00e9r\u00eats des membres qui l&#8217;avaient \u00e9lu. Et ce qu&#8217;il a apport\u00e9 \u00e0 la table \u00e9tait authentique : un d\u00e9sir d&#8217;aider nos membres et de faire la diff\u00e9rence. Sean a assum\u00e9 diverses responsabilit\u00e9s et il s&#8217;en est toujours bien acquitt\u00e9. Il n&#8217;est pas surprenant que Sean ait assum\u00e9 d&#8217;autres r\u00f4les au sein de notre syndicat en cherchant \u00e0 r\u00e9pondre aux besoins de tous les membres de l&#8217;Institut.&nbsp; Qu&#8217;il s&#8217;agisse de si\u00e9ger au conseil d&#8217;administration, d&#8217;agir \u00e0 titre de vice-pr\u00e9sident, de consulter la haute direction \u00e0 l&#8217;\u00e9chelle nationale \u00e0 Services partag\u00e9s Canada ou de travailler \u00e0 des projets sp\u00e9ciaux comme GC Workplace, Sean a toujours \u00e9t\u00e9 concentr\u00e9 et d\u00e9vou\u00e9 aux int\u00e9r\u00eats de ses membres. Je crois sinc\u00e8rement que Sean O&#8217;Reilly est un vrai croyant, un militant qui est l\u00e0 pour son syndicat pour toutes les bonnes raisons. <\/em> <em>\u00ab L\u2019appui exprim\u00e9 en faveur de ce(s) candidat(e)s n\u2019implique pas l\u2019appui de l\u2019un des organismes constituants de l\u2019Institut, de l\u2019Institut lui-m\u00eame \u00e0 titre de personne morale ou des membres du personnel de l\u2019Institut. \u00bb<\/em>   <\/p>\n\n\n\n<p class=\"has-text-align-left\">Stan Buday, CS , EDSC, Toronto, ON <\/p>\n\n\n\n<p class=\"has-text-align-right\">Au cours de la derni\u00e8re d\u00e9cennie, j&#8217;ai appris \u00e0 conna\u00eetre Sean O&#8217;Reilly \u00e0 travers les divers r\u00f4les qu&#8217;il a occup\u00e9s a<em>u sein de l&#8217;Institut. Sean est l&#8217;ancien pr\u00e9sident des jeunes professionnels de l&#8217;Institut. Sean a toujours soutenu les \u00e9v\u00e9nements des jeunes professionnels et m&#8217;a aid\u00e9 dans leur planification et leur ex\u00e9cution. Gr\u00e2ce aux conseils et au soutien de Sean, les \u00e9v\u00e9nements des jeunes professionnels dans la RCN ont \u00e9t\u00e9 couronn\u00e9s de succ\u00e8s. Je pense qu&#8217;\u00e9tant donn\u00e9 l&#8217;exp\u00e9rience de Sean dans une vari\u00e9t\u00e9 de r\u00f4les de leadership, il ferait un excellent choix en tant que pr\u00e9sident de l&#8217;Institut. Nous avons pu constater son professionnalisme en pr\u00e9sidant l&#8217;AGA nationale (une t\u00e2che ingrate et difficile), en tant qu&#8217;ancien vice-pr\u00e9sident, en tant que d\u00e9l\u00e9gu\u00e9 syndical et en tant que membre d&#8217;une vari\u00e9t\u00e9 de conseils ex\u00e9cutif. Sean est \u00e9galement un ancien membre de la Conf\u00e9rence canadienne du Gouverneur g\u00e9n\u00e9ral sur le leadership. Sean a toujours trouv\u00e9 du temps pour moi quand c&#8217;\u00e9tait n\u00e9cessaire et c&#8217;est quelqu&#8217;un que je consid\u00e8re comme un coll\u00e8gue, un ami et un mentor. Sean, tu as mon soutien et je te souhaite la meilleure des chances. \u00ab L\u2019appui exprim\u00e9 en faveur de ce(s) candidat(e)s n\u2019implique pas l\u2019appui de l\u2019un des organismes constituants de l\u2019Institut, de l\u2019Institut lui-m\u00eame \u00e0 titre de personne morale ou des membres du personnel de l\u2019Institut. \u00bb<\/em><\/p>\n\n\n\n<p class=\"has-text-align-right\">Andrew Wigmore, Service canadien d\u2019appui aux tribunaux administratifs, Ottawa, ON<\/p>\n\n\n\n<p class=\"has-text-align-left\"><em>Je soutiens la candidature de Sean O&#8217;Reilly pour le poste de pr\u00e9sident aux \u00e9lections nationales de l&#8217;IPFPC. Il a demontr\u00e9 qu&#8217;il est professionnel, collaboratif, authentique et qu&#8217;il dirigera avec int\u00e9grit\u00e9. Je suis convaincue que Sean O&#8217;Reilly sera le pr\u00e9sident dont nous avons besoin pour diriger notre syndicat \u00e0 mesure que nous progressons. Je recommande aux membres de voter pour Sean O&#8217;Reilly et de l&#8217;\u00e9lire pr\u00e9sident de l&#8217;Institut professionnel de la fonction publique du Canada.\u00ab L\u2019appui exprim\u00e9 en faveur de ce(s) candidat(e)s n\u2019implique pas l\u2019appui de l\u2019un des organismes constituants de l\u2019Institut, de l\u2019Institut lui-m\u00eame \u00e0 titre de personne morale ou des membres du personnel de l\u2019Institut. \u00bb<\/em><\/p>\n\n\n\n<p class=\"has-text-align-left\"> Stacy McLaren, D\u00e9l\u00e9gu\u00e9e syndicale, Kanata, ON<\/p>\n\n\n\n<p class=\"has-text-align-right\"><em> Je connais Sean O&#8217;Reilly depuis plus de 20 ans, puisque nous avons tous deux commenc\u00e9 notre carri\u00e8re dans<\/em> <em>la fonction publique \u00e0 TPSGC.&nbsp;&nbsp; Lorsque je pense \u00e0 Sean, des qualit\u00e9s telles que la conviction, l&#8217;int\u00e9grit\u00e9, la passion, le patriotisme, la seine gestion et le leadership me viennent \u00e0 l&#8217;esprit. Sean s&#8217;est toujours efforc\u00e9 d&#8217;am\u00e9liorer la vie des membres \u00e0 travers ses divers r\u00f4les au sein du syndicat, de d\u00e9l\u00e9gu\u00e9 syndical \u00e0 vice-pr\u00e9sident.&nbsp; Il n&#8217;h\u00e9site jamais \u00e0 parler avec passion de la valeur de la fonction publique et du r\u00f4le de chacun des membres qui en font partie.&nbsp; Il n&#8217;h\u00e9site pas \u00e0 d\u00e9fendre et \u00e0 promouvoir ceux qui sont sous sa direction et invite non seulement les autres, mais aussi lui-m\u00eame,&nbsp;\u00e0 adh\u00e9rer \u00e0 des normes morales et \u00e9thiques \u00e9lev\u00e9es.&nbsp; J&#8217;appr\u00e9cie Sean en tant que coll\u00e8gue, ami et, surtout, en tant que personne qui s&#8217;engage \u00e0 d\u00e9fendre les id\u00e9aux auxquels elle croit. <\/em> <em>\u00ab L\u2019appui exprim\u00e9 en faveur de ce(s) candidat(e)s n\u2019implique pas l\u2019appui de l\u2019un des organismes constituants de l\u2019Institut, de l\u2019Institut lui-m\u00eame \u00e0 titre de personne morale ou des membres du personnel de l\u2019Institut. \u00bb<\/em> <\/p>\n\n\n\n<p class=\"has-text-align-right\"> Michel Gee, SPC, Barrhaven, ON<\/p>\n\n\n\n<p><em>Je soutiens pleinement Sean et j&#8217;encourage vivement tous les membres \u00e0 voter pour lui en tant que notre prochain pr\u00e9sident. Sean a constamment d\u00e9montr\u00e9 son engagement envers le mouvement syndical et est un ardent d\u00e9fenseur de ce qui est fondamentalement correct et dans les meilleurs int\u00e9r\u00eats de l&#8217;Institut. Selon mon exp\u00e9rience, je trouve Sean professionnel, juste, inclusif, compatissant et \u00e0 l&#8217;\u00e9coute. En plus de \u00e7a, il a un super sens de l&#8217;humour ! Plus que jamais, c&#8217;est le type de leadership dont nous aurons besoin de la part de notre prochain pr\u00e9sident. En tant qu&#8217;ancien directeur r\u00e9gional de l&#8217;Institut, j&#8217;ai eu l&#8217;occasion de rencontrer des personnes incroyables \u00e0 l&#8217;IPFPC. Sean, dans tous les r\u00f4les qu&#8217;il a occup\u00e9s par le pass\u00e9, notamment en tant que directeur de la RCN, pr\u00e9sident de nos AGA nationales, et maintenant vice-pr\u00e9sident, a d\u00e9montr\u00e9 qu&#8217;il est pr\u00eat \u00e0 faire le travail difficile, \u00e0 collaborer avec les autres et \u00e0 \u00eatre pr\u00e9sent lorsque les choses deviennent difficiles. Sean fera avancer les choses. Je sais que Sean ne nous laissera pas tomber.<\/em> <em>\u00ab L\u2019appui exprim\u00e9 en faveur de ce(s) candidat(e)s n\u2019implique pas l\u2019appui de l\u2019un des organismes constituants de l\u2019Institut, de l\u2019Institut lui-m\u00eame \u00e0 titre de personne morale ou des membres du personnel de l\u2019Institut. \u00bb<\/em><\/p>\n\n\n\n<p class=\"has-text-align-left\">Robert K. MacDonald, B.A., MRM, ancien directeur , R\u00e9gion de la C.-B.\/Yukon<\/p>\n\n\n\n<p class=\"has-text-align-right\"><em>En tant que membre actif de l&#8217;IPFPC depuis 1984, et notamment en tant qu&#8217;ancien pr\u00e9sident de l&#8217;Institut, j&#8217;ai eu le plaisir de travailler en \u00e9troite collaboration avec Sean O&#8217;Reilly pendant plus d&#8217;une d\u00e9cennie. Son travail en tant que repr\u00e9sentant des membres de l&#8217;Institut a \u00e9t\u00e9 exemplaire et a couvert une grande vari\u00e9t\u00e9 de sujets. J&#8217;ai eu le plaisir de le voir \u00e9voluer et devenir le leader qu&#8217;il est aujourd&#8217;hui. Au cours de cette p\u00e9riode, j&#8217;ai \u00e9galement appris \u00e0 le conna\u00eetre en tant que personne. Il a d\u00e9montr\u00e9 sa capacit\u00e9 \u00e0 concilier sa vie professionnelle et sa vie familiale de mani\u00e8re \u00e0 ce que les deux fonctionnent en harmonie. Sean obtiendra mon vote pour le poste de pr\u00e9sident cet automne et je vous recommande d&#8217;envisager de lui donner le v\u00f4tre \u00e9galement.<\/em> <em>\u00ab L\u2019appui exprim\u00e9 en faveur de ce(s) candidat(e)s n\u2019implique pas l\u2019appui de l\u2019un des organismes constituants de l\u2019Institut, de l\u2019Institut lui-m\u00eame \u00e0 titre de personne morale ou des membres du personnel de l\u2019Institut. \u00bb<\/em><\/p>\n\n\n\n<p class=\"has-text-align-right\">Steve Hindle, membre retrait\u00e9 <\/p>\n","protected":false},"excerpt":{"rendered":"<p>J\u2019ai rencontr\u00e9 Sean lorsque j\u2019\u00e9tais impliqu\u00e9e avec le groupe ACIA-S&amp;A. Depuis ce temps, il a toujours \u00e9t\u00e9 disponible pour m\u2019aider<\/p>\n<p><a href=\"https:\/\/seanoreilly.ca\/francais\/index.php\/temoignages\/\" class=\"more-link\">Continue reading<span class=\"screen-reader-text\">T\u00e9moignages<\/span><\/a><\/p>\n","protected":false},"author":1,"featured_media":0,"parent":0,"menu_order":0,"comment_status":"closed","ping_status":"closed","template":"","meta":{"footnotes":""},"class_list":["post-22","page","type-page","status-publish","hentry"],"_links":{"self":[{"href":"https:\/\/seanoreilly.ca\/francais\/index.php\/wp-json\/wp\/v2\/pages\/22","targetHints":{"allow":["GET"]}}],"collection":[{"href":"https:\/\/seanoreilly.ca\/francais\/index.php\/wp-json\/wp\/v2\/pages"}],"about":[{"href":"https:\/\/seanoreilly.ca\/francais\/index.php\/wp-json\/wp\/v2\/types\/page"}],"author":[{"embeddable":true,"href":"https:\/\/seanoreilly.ca\/francais\/index.php\/wp-json\/wp\/v2\/users\/1"}],"replies":[{"embeddable":true,"href":"https:\/\/seanoreilly.ca\/francais\/index.php\/wp-json\/wp\/v2\/comments?post=22"}],"version-history":[{"count":24,"href":"https:\/\/seanoreilly.ca\/francais\/index.php\/wp-json\/wp\/v2\/pages\/22\/revisions"}],"predecessor-version":[{"id":138,"href":"https:\/\/seanoreilly.ca\/francais\/index.php\/wp-json\/wp\/v2\/pages\/22\/revisions\/138"}],"wp:attachment":[{"href":"https:\/\/seanoreilly.ca\/francais\/index.php\/wp-json\/wp\/v2\/media?parent=22"}],"curies":[{"name":"wp","href":"https:\/\/api.w.org\/{rel}","templated":true}]}}