{"id":19,"date":"2021-09-01T13:08:37","date_gmt":"2021-09-01T17:08:37","guid":{"rendered":"https:\/\/seanoreilly.ca\/francais\/?page_id=19"},"modified":"2024-09-07T12:07:21","modified_gmt":"2024-09-07T16:07:21","slug":"biographie","status":"publish","type":"page","link":"https:\/\/seanoreilly.ca\/francais\/index.php\/biographie\/","title":{"rendered":"Biographie"},"content":{"rendered":"<div class=\"wp-block-image is-style-default\">\n<figure class=\"aligncenter size-medium\"><img loading=\"lazy\" decoding=\"async\" width=\"200\" height=\"300\" src=\"https:\/\/seanoreilly.ca\/francais\/wp-content\/uploads\/2024\/09\/SeanO_EL24-200x300.jpg\" alt=\"\" class=\"wp-image-110\" srcset=\"https:\/\/seanoreilly.ca\/francais\/wp-content\/uploads\/2024\/09\/SeanO_EL24-200x300.jpg 200w, https:\/\/seanoreilly.ca\/francais\/wp-content\/uploads\/2024\/09\/SeanO_EL24-682x1024.jpg 682w, https:\/\/seanoreilly.ca\/francais\/wp-content\/uploads\/2024\/09\/SeanO_EL24-768x1152.jpg 768w, https:\/\/seanoreilly.ca\/francais\/wp-content\/uploads\/2024\/09\/SeanO_EL24-1024x1536.jpg 1024w, https:\/\/seanoreilly.ca\/francais\/wp-content\/uploads\/2024\/09\/SeanO_EL24.jpg 1333w\" sizes=\"auto, (max-width: 200px) 100vw, 200px\" \/><\/figure>\n<\/div>\n\n\n<p><strong>Sean O\u2019Reilly B.Sc. (il\/lui), membre titulaire<\/strong><\/p>\n\n\n\n<p><strong>Pr\u00e9sident<\/strong><\/p>\n\n\n\n<p>Sean&nbsp;O\u2019Reilly a rejoint l\u2019\u00e9quipe d\u00e9vou\u00e9e de d\u00e9l\u00e9gu\u00e9\u00b7es syndicaux de l\u2019IPFPC en&nbsp;2002, en tant que jeune fonctionnaire. Vingt-deux ans plus tard, il est toujours passionn\u00e9 par l\u2019\u00e9coute des membres de l\u2019IPFPC et la recherche de solutions concr\u00e8tes \u00e0 leurs probl\u00e8mes.&nbsp;&nbsp;<\/p>\n\n\n\n<p>Sean a occup\u00e9 plusieurs postes au sein de l\u2019IPFPC au fil des ans, ce qui lui a permis d\u2019acqu\u00e9rir une connaissance approfondie des questions syndicales au niveau des sous-groupes, des groupes, des r\u00e9gions et du pays. Gr\u00e2ce \u00e0 sa participation \u00e0 tous les niveaux de l\u2019organisation, il a entendu les pr\u00e9occupations des membres de partout au Canada et a acquis une connaissance approfondie du fonctionnement interne de l\u2019IPFPC. Il a notamment occup\u00e9 les fonctions suivantes&nbsp;:<\/p>\n\n\n\n<ul class=\"wp-block-list\">\n<li>Vice-pr\u00e9sident \u00e0 temps plein (2018; 2022 \u00e0 aujourd\u2019hui)<\/li>\n\n\n\n<li>Pr\u00e9sident de l\u2019assembl\u00e9e g\u00e9n\u00e9rale annuelle de l\u2019IPFPC (2019 \u00e0\u00a02021)<\/li>\n\n\n\n<li>Vice-pr\u00e9sident de l\u2019\u00e9quipe de consultation\u00a0\u2013 Services partag\u00e9s Canada (depuis\u00a02019)<\/li>\n\n\n\n<li>Pr\u00e9sident du Comit\u00e9 des finances (2017 \u00e0\u00a02018)<\/li>\n\n\n\n<li>Champion de la jeunesse (2011 \u00e0\u00a02017)<\/li>\n\n\n\n<li>Pr\u00e9sident et membre du Comit\u00e9 des statuts et politiques (2009 \u00e0\u00a02011; 2013 \u00e0\u00a02016)<\/li>\n\n\n\n<li>Pr\u00e9sident, vice-pr\u00e9sident et membre de l\u2019ex\u00e9cutif de la r\u00e9gion de la capitale nationale (2004 \u00e0\u00a02018)<\/li>\n\n\n\n<li>Membre de l\u2019ex\u00e9cutif du groupe\u00a0TI (2003 \u00e0\u00a02006)<\/li>\n<\/ul>\n\n\n\n<p>Sean&nbsp;O\u2019Reilly est bilingue, ax\u00e9 sur la famille, empathique, ouvert d\u2019esprit, et c\u2019est un facilitateur comp\u00e9tent et int\u00e8gre. En tant que pr\u00e9sident, il veillera \u00e0 ce que toutes les opinions au sein de l\u2019organisation soient entendues et \u00e0 ce que le consensus soit la norme. En tant que fervent d\u00e9fenseur des droits des travailleur\u00b7ses, Sean travaillera en collaboration avec l\u2019ensemble des membres de l\u2019IPFPC, les repr\u00e9sentant\u00b7es d\u2019autres syndicats et les partenaires de la soci\u00e9t\u00e9 civile afin de poursuivre la lutte pour de meilleures conditions de travail, salaires, pensions et avantages sociaux, diversit\u00e9, \u00e9quit\u00e9, r\u00e9conciliation, sant\u00e9 mentale, et \u00e9quilibre entre vie professionnelle et vie priv\u00e9e.<\/p>\n\n\n\n<p>Au cours des derni\u00e8res ann\u00e9es, les membres de l\u2019IPFPC ont d\u00fb s\u2019adapter rapidement \u00e0 l\u2019\u00e9volution des conditions de travail et ils\/elles peuvent \u00eatre fier\u00b7\u00e8res de ce qu\u2019ils\/elles ont pu accomplir. Cette fiert\u00e9 ne doit pas \u00eatre ternie par des d\u00e9cisions politiques mal con\u00e7ues de l\u2019employeur qui ont un impact sur le moral. Sean, en tant que pr\u00e9sident, veillera \u00e0 ce que l\u2019IPFPC et ses membres soient mieux \u00e9quip\u00e9\u00b7es pour faire face aux nouveaux d\u00e9fis et saisir les nouvelles occasions offertes par le retour au bureau, l\u2019intelligence artificielle et les paysages fiscaux et politiques en constante \u00e9volution. Pour ce faire, il s\u2019efforcera d\u2019am\u00e9liorer les services aux membres par des moyens novateurs afin qu\u2019ils\/elles puissent b\u00e9n\u00e9ficier d\u2019un soutien rapide et utile en cas de besoin. Il plaidera \u00e9galement en faveur de la mise en \u0153uvre d\u2019une responsabilit\u00e9 financi\u00e8re rigoureuse et de pratiques fiscales saines au sein de l\u2019IPFPC. Enfin, Sean veillera \u00e0 ce que la voix des membres de l\u2019IPFPC soit amplifi\u00e9e et \u00e0 ce que leur professionnalisme soit reconnu, gr\u00e2ce \u00e0 une plus grande sensibilisation et \u00e0 davantage de partenariats.&nbsp;<\/p>\n\n\n\n<p>Voter pour Sean&nbsp;O\u2019Reilly en tant que pr\u00e9sident, c\u2019est voter pour un leadership syndical intelligent, inclusif et \u00e0 \u00e9chelle humaine.<\/p>\n","protected":false},"excerpt":{"rendered":"<p>Sean O\u2019Reilly B.Sc. (il\/lui), membre titulaire Pr\u00e9sident Sean&nbsp;O\u2019Reilly a rejoint l\u2019\u00e9quipe d\u00e9vou\u00e9e de d\u00e9l\u00e9gu\u00e9\u00b7es syndicaux de l\u2019IPFPC en&nbsp;2002, en tant<\/p>\n<p><a href=\"https:\/\/seanoreilly.ca\/francais\/index.php\/biographie\/\" class=\"more-link\">Continue reading<span class=\"screen-reader-text\">Biographie<\/span><\/a><\/p>\n","protected":false},"author":1,"featured_media":0,"parent":0,"menu_order":0,"comment_status":"closed","ping_status":"closed","template":"","meta":{"footnotes":""},"class_list":["post-19","page","type-page","status-publish","hentry"],"_links":{"self":[{"href":"https:\/\/seanoreilly.ca\/francais\/index.php\/wp-json\/wp\/v2\/pages\/19","targetHints":{"allow":["GET"]}}],"collection":[{"href":"https:\/\/seanoreilly.ca\/francais\/index.php\/wp-json\/wp\/v2\/pages"}],"about":[{"href":"https:\/\/seanoreilly.ca\/francais\/index.php\/wp-json\/wp\/v2\/types\/page"}],"author":[{"embeddable":true,"href":"https:\/\/seanoreilly.ca\/francais\/index.php\/wp-json\/wp\/v2\/users\/1"}],"replies":[{"embeddable":true,"href":"https:\/\/seanoreilly.ca\/francais\/index.php\/wp-json\/wp\/v2\/comments?post=19"}],"version-history":[{"count":6,"href":"https:\/\/seanoreilly.ca\/francais\/index.php\/wp-json\/wp\/v2\/pages\/19\/revisions"}],"predecessor-version":[{"id":112,"href":"https:\/\/seanoreilly.ca\/francais\/index.php\/wp-json\/wp\/v2\/pages\/19\/revisions\/112"}],"wp:attachment":[{"href":"https:\/\/seanoreilly.ca\/francais\/index.php\/wp-json\/wp\/v2\/media?parent=19"}],"curies":[{"name":"wp","href":"https:\/\/api.w.org\/{rel}","templated":true}]}}