{"id":122,"date":"2024-09-12T21:34:38","date_gmt":"2024-09-13T01:34:38","guid":{"rendered":"https:\/\/seanoreilly.ca\/francais\/?page_id=122"},"modified":"2024-09-12T21:35:34","modified_gmt":"2024-09-13T01:35:34","slug":"responsabilite-financiere","status":"publish","type":"page","link":"https:\/\/seanoreilly.ca\/francais\/index.php\/responsabilite-financiere\/","title":{"rendered":"Responsabilit\u00e9 financi\u00e8re"},"content":{"rendered":"\n<p>Les membres doivent mieux comprendre comment leurs cotisations sont d\u00e9pens\u00e9es et les services qu&#8217;ils re\u00e7oivent en \u00e9change de leur contribution au budget de l&#8217;IPFPC. J&#8217;ai plaid\u00e9 en faveur de la mise en \u0153uvre d&#8217;une responsabilit\u00e9 financi\u00e8re plus rigoureuse et de pratiques fiscales saines.<\/p>\n\n\n\n<p>L&#8217;\u00e9laboration du budget ne devrait jamais se faire \u00e0 la derni\u00e8re minute. Les membres devraient avoir une bonne compr\u00e9hension du budget avant qu&#8217;il ne soit pr\u00e9sent\u00e9 pour approbation \u00e0 l&#8217;AGA de l&#8217;Institut chaque ann\u00e9e. Le nouveau budget doit \u00eatre formul\u00e9 plus t\u00f4t dans l&#8217;ann\u00e9e afin de prendre en compte toutes les donn\u00e9es et les tendances actuelles.<\/p>\n\n\n\n<p>De plus, il convient de proc\u00e9der \u00e0 un examen appropri\u00e9 de nos d\u00e9penses r\u00e9elles chaque mois ou chaque trimestre afin d&#8217;identifier les tendances et d&#8217;anticiper les d\u00e9ficits ou les exc\u00e9dents. Une fois r\u00e9vis\u00e9es par le comit\u00e9 des finances et le conseil d&#8217;administration, elles devraient \u00eatre pr\u00e9sent\u00e9es aux membres pour examen.<\/p>\n\n\n\n<p>Aussi, des contr\u00f4les appropri\u00e9s doivent \u00eatre mis en place pour garantir que l&#8217;argent est d\u00e9pens\u00e9 correctement et qu&#8217;il y a une bonne surveillance et une bonne gouvernance fiscale. Une matrice de d\u00e9l\u00e9gation de pouvoirs appropri\u00e9e devrait \u00eatre \u00e9labor\u00e9e pour garantir cette fonction de contr\u00f4le. Toutes les d\u00e9penses li\u00e9es aux projets et les nouveaux projets d&#8217;investissement doivent \u00eatre pr\u00e9sent\u00e9s au conseil d&#8217;administration et \u00e0 l&#8217;assembl\u00e9e g\u00e9n\u00e9rale annuelle si n\u00e9cessaire.<\/p>\n\n\n\n<p>Enfin, nous devrions avoir une bonne compr\u00e9hension des niveaux de dotation en personnel de l&#8217;Institut et de la mani\u00e8re dont le personnel contribue \u00e0 faire avancer les priorit\u00e9s des membres. Nous voulons et devons savoir que nos cotisations durement gagn\u00e9es sont d\u00e9pens\u00e9es de mani\u00e8re appropri\u00e9e et que les membres obtiennent une bonne valeur pour ce qu&#8217;ils contribuent \u00e0 notre syndicat.<\/p>\n","protected":false},"excerpt":{"rendered":"<p>Les membres doivent mieux comprendre comment leurs cotisations sont d\u00e9pens\u00e9es et les services qu&#8217;ils re\u00e7oivent en \u00e9change de leur contribution<\/p>\n<p><a href=\"https:\/\/seanoreilly.ca\/francais\/index.php\/responsabilite-financiere\/\" class=\"more-link\">Continue reading<span class=\"screen-reader-text\">Responsabilit\u00e9 financi\u00e8re<\/span><\/a><\/p>\n","protected":false},"author":1,"featured_media":0,"parent":0,"menu_order":0,"comment_status":"closed","ping_status":"closed","template":"","meta":{"footnotes":""},"class_list":["post-122","page","type-page","status-publish","hentry"],"_links":{"self":[{"href":"https:\/\/seanoreilly.ca\/francais\/index.php\/wp-json\/wp\/v2\/pages\/122","targetHints":{"allow":["GET"]}}],"collection":[{"href":"https:\/\/seanoreilly.ca\/francais\/index.php\/wp-json\/wp\/v2\/pages"}],"about":[{"href":"https:\/\/seanoreilly.ca\/francais\/index.php\/wp-json\/wp\/v2\/types\/page"}],"author":[{"embeddable":true,"href":"https:\/\/seanoreilly.ca\/francais\/index.php\/wp-json\/wp\/v2\/users\/1"}],"replies":[{"embeddable":true,"href":"https:\/\/seanoreilly.ca\/francais\/index.php\/wp-json\/wp\/v2\/comments?post=122"}],"version-history":[{"count":2,"href":"https:\/\/seanoreilly.ca\/francais\/index.php\/wp-json\/wp\/v2\/pages\/122\/revisions"}],"predecessor-version":[{"id":126,"href":"https:\/\/seanoreilly.ca\/francais\/index.php\/wp-json\/wp\/v2\/pages\/122\/revisions\/126"}],"wp:attachment":[{"href":"https:\/\/seanoreilly.ca\/francais\/index.php\/wp-json\/wp\/v2\/media?parent=122"}],"curies":[{"name":"wp","href":"https:\/\/api.w.org\/{rel}","templated":true}]}}